{"id":94,"date":"2021-08-16T12:37:21","date_gmt":"2021-08-16T10:37:21","guid":{"rendered":"https:\/\/grupaping.pl\/?page_id=94"},"modified":"2024-09-20T17:23:29","modified_gmt":"2024-09-20T15:23:29","slug":"dokumenty-i-regulaminy","status":"publish","type":"page","link":"https:\/\/grupaping.pl\/?page_id=94","title":{"rendered":"DOKUMENTY I REGULAMINY"},"content":{"rendered":"<p style=\"text-align: center; font-family: 'trebuchet ms', geneva, sans-serif; font-size: 14pt; color: #263238;\"><a href=\"https:\/\/grupaping.pl\/files\/lista_kanalow_wrzesien_2024.pdf\" target=\"_blank\" rel=\"noopener\"><strong>Oferta<\/strong><\/a> programowa Telewizji Cyfrowej<\/p>\n<hr \/>\n<p style=\"text-align: center; font-family: 'trebuchet ms', geneva, sans-serif; font-size: 14pt; color: #263238;\"><a href=\"https:\/\/grupaping.pl\/files\/cennik_uslug_telewizji_cyfrowej.pdf\" target=\"_blank\" rel=\"noopener\"><strong>Cennik<\/strong><\/a> us\u0142ug Telewizji Cyfrowej<\/p>\n<hr \/>\n<p style=\"text-align: center; font-family: 'trebuchet ms', geneva, sans-serif; font-size: 14pt; color: #263238;\"><a href=\"https:\/\/grupaping.pl\/files\/regulamin_dostepu_do_internetu.pdf\" target=\"_blank\" rel=\"noopener\"><strong>Regulamin<\/strong><\/a> dost\u0119pu do Internetu Grupa PING<\/p>\n<hr \/>\n<p style=\"text-align: center; font-family: 'trebuchet ms', geneva, sans-serif; font-size: 14pt; color: #263238;\"><a href=\"https:\/\/grupaping.pl\/files\/regulamin_swiadczenia_uslug_telewizji_cyfrowej.pdf\" target=\"_blank\" rel=\"noopener\"><strong>Regulamin<\/strong><\/a> \u015awiadczenia Us\u0142ug Telewizji Cyfrowej<\/p>\n<hr \/>\n<p style=\"text-align: center; font-family: 'trebuchet ms', geneva, sans-serif; font-size: 14pt; color: #263238;\"><a href=\"https:\/\/grupaping.pl\/files\/regulamin_promocji_sr_z_c_plus.pdf\" target=\"_blank\" rel=\"noopener\"><strong>Regulamin i Cennik<\/strong><\/a> promocji \u015awietlna rozrywka z Canal+<\/p>\n<hr \/>\n","protected":false},"excerpt":{"rendered":"<p>Oferta programowa Telewizji Cyfrowej Cennik us\u0142ug Telewizji Cyfrowej Regulamin dost\u0119pu do Internetu Grupa PING Regulamin \u015awiadczenia Us\u0142ug Telewizji Cyfrowej Regulamin i Cennik promocji \u015awietlna rozrywka z Canal+<\/p>\n","protected":false},"author":3,"featured_media":0,"parent":0,"menu_order":4,"comment_status":"closed","ping_status":"closed","template":"","meta":{"footnotes":""},"class_list":["post-94","page","type-page","status-publish","hentry"],"_links":{"self":[{"href":"https:\/\/grupaping.pl\/index.php?rest_route=\/wp\/v2\/pages\/94","targetHints":{"allow":["GET"]}}],"collection":[{"href":"https:\/\/grupaping.pl\/index.php?rest_route=\/wp\/v2\/pages"}],"about":[{"href":"https:\/\/grupaping.pl\/index.php?rest_route=\/wp\/v2\/types\/page"}],"author":[{"embeddable":true,"href":"https:\/\/grupaping.pl\/index.php?rest_route=\/wp\/v2\/users\/3"}],"replies":[{"embeddable":true,"href":"https:\/\/grupaping.pl\/index.php?rest_route=%2Fwp%2Fv2%2Fcomments&post=94"}],"version-history":[{"count":41,"href":"https:\/\/grupaping.pl\/index.php?rest_route=\/wp\/v2\/pages\/94\/revisions"}],"predecessor-version":[{"id":654,"href":"https:\/\/grupaping.pl\/index.php?rest_route=\/wp\/v2\/pages\/94\/revisions\/654"}],"wp:attachment":[{"href":"https:\/\/grupaping.pl\/index.php?rest_route=%2Fwp%2Fv2%2Fmedia&parent=94"}],"curies":[{"name":"wp","href":"https:\/\/api.w.org\/{rel}","templated":true}]}}